{"id":2,"date":"2017-09-02T03:31:19","date_gmt":"2017-09-02T01:31:19","guid":{"rendered":"http:\/\/185.16.61.193\/?page_id=2"},"modified":"2019-06-10T16:05:26","modified_gmt":"2019-06-10T14:05:26","slug":"minecraft","status":"publish","type":"page","link":"http:\/\/cleanupgaming.de\/index.php\/minecraft\/","title":{"rendered":"Minecraft"},"content":{"rendered":"\n\t\t\t\t\t<div class=\"server-box checking server-319\">\r\n\t\t\t\t\t<strong>Minecraft Devilcraft<\/strong>\r\n\t\t\t\t\t<div class=\"server-box-status\"><p class=\"server-loading\">Checking server status <span>.<\/span><span>.<\/span><span>.<\/span><\/p><\/div>\r\n\t\t\t\t<\/div>\r\n\t\t\t\n\n\n\n<p>Devilcraft<\/p>\n\n\n\n<p>Freebuild Welt<br>Kreativ Welt<br>Grunst\u00fccks Welt<br>Skyblock Welt<br>Farmwelt<br>Minigames<br>Ingame Geldsystem mit Shops<br>Lottery System<br>Und vieles mehr..<\/p>\n\n\n\n<p>Es w\u00fcrde uns sehr freuen wenn ihr reinschaut und alles auf euch wirken lasst.<br>Unser Server ist vorwiegend ein Freebuild Server, der ein Anti Grief System, Logblock etc. anbietet.<br>Wenn es also zu Zerst\u00f6rungen kommen sollte kann dies behoben werden.<br>Wir haben diverse Minigames wie Paintball, PvP (WAR) zu bieten.<br>Au\u00dferdem bieten wir Skyblocks mit Level System an, indem man sich frei ausbreiten kann.<br>Bitte schont die Freebuild Welt und baut B\u00e4ume nachhaltig wieder an, damit andere Spieler auch ihren Spa\u00df haben k\u00f6nnen. \ud83d\ude00<br>Griefen, Hacken o.\u00e4 ist nicht gestattet und wird mit einem sofortigen Bann bestraft.<\/p>\n\n\n\n<figure class=\"wp-block-image\"><img decoding=\"async\" src=\"http:\/\/status.mclive.eu\/Devilcraft\/CleanUpGaming.de\/25565\/banner.png\" alt=\"\"\/><\/figure>\n\n\n\n<p>IP: CleanUpGaming.de:25565<br><\/p>\n\n\n\n<div class=\"wp-block-image\"><figure class=\"aligncenter\"><img loading=\"lazy\" decoding=\"async\" width=\"1920\" height=\"1080\" src=\"http:\/\/cleanupgaming.de\/wp-content\/uploads\/2018\/02\/21122389_1639719286091172_4581519604488941371_o.jpg\" alt=\"\" class=\"wp-image-156\" srcset=\"http:\/\/cleanupgaming.de\/wp-content\/uploads\/2018\/02\/21122389_1639719286091172_4581519604488941371_o.jpg 1920w, http:\/\/cleanupgaming.de\/wp-content\/uploads\/2018\/02\/21122389_1639719286091172_4581519604488941371_o-300x169.jpg 300w, http:\/\/cleanupgaming.de\/wp-content\/uploads\/2018\/02\/21122389_1639719286091172_4581519604488941371_o-768x432.jpg 768w, http:\/\/cleanupgaming.de\/wp-content\/uploads\/2018\/02\/21122389_1639719286091172_4581519604488941371_o-1024x576.jpg 1024w, http:\/\/cleanupgaming.de\/wp-content\/uploads\/2018\/02\/21122389_1639719286091172_4581519604488941371_o-1600x900.jpg 1600w\" sizes=\"auto, (max-width: 1920px) 100vw, 1920px\" \/><\/figure><\/div>\n\n\n\n<h2 class=\"wp-block-heading\">Survival Server Map<\/h2>\n\n\n\n<iframe src=\"http:\/\/cleanupgaming.de:8123\/\" style=\"width:100%; height:500px\">\n<p>\u00a0<\/p>\n<p style=\"text-align: center;\">\u00a0<\/p><\/iframe>\n","protected":false},"excerpt":{"rendered":"<p>Devilcraft Freebuild WeltKreativ WeltGrunst\u00fccks WeltSkyblock WeltFarmweltMinigamesIngame Geldsystem mit ShopsLottery SystemUnd vieles mehr.. Es w\u00fcrde uns sehr freuen wenn ihr reinschaut&hellip;<\/p>\n","protected":false},"author":1,"featured_media":0,"parent":0,"menu_order":0,"comment_status":"closed","ping_status":"open","template":"","meta":{"_bbp_topic_count":0,"_bbp_reply_count":0,"_bbp_total_topic_count":0,"_bbp_total_reply_count":0,"_bbp_voice_count":0,"_bbp_anonymous_reply_count":0,"_bbp_topic_count_hidden":0,"_bbp_reply_count_hidden":0,"_bbp_forum_subforum_count":0,"footnotes":""},"class_list":["post-2","page","type-page","status-publish","hentry"],"_links":{"self":[{"href":"http:\/\/cleanupgaming.de\/index.php\/wp-json\/wp\/v2\/pages\/2","targetHints":{"allow":["GET"]}}],"collection":[{"href":"http:\/\/cleanupgaming.de\/index.php\/wp-json\/wp\/v2\/pages"}],"about":[{"href":"http:\/\/cleanupgaming.de\/index.php\/wp-json\/wp\/v2\/types\/page"}],"author":[{"embeddable":true,"href":"http:\/\/cleanupgaming.de\/index.php\/wp-json\/wp\/v2\/users\/1"}],"replies":[{"embeddable":true,"href":"http:\/\/cleanupgaming.de\/index.php\/wp-json\/wp\/v2\/comments?post=2"}],"version-history":[{"count":24,"href":"http:\/\/cleanupgaming.de\/index.php\/wp-json\/wp\/v2\/pages\/2\/revisions"}],"predecessor-version":[{"id":461,"href":"http:\/\/cleanupgaming.de\/index.php\/wp-json\/wp\/v2\/pages\/2\/revisions\/461"}],"wp:attachment":[{"href":"http:\/\/cleanupgaming.de\/index.php\/wp-json\/wp\/v2\/media?parent=2"}],"curies":[{"name":"wp","href":"https:\/\/api.w.org\/{rel}","templated":true}]}}